{"id":770,"date":"2023-09-11T01:12:18","date_gmt":"2023-09-11T07:12:18","guid":{"rendered":"https:\/\/www.cdabogados.com.mx\/team\/luis-a-cervantes-castillo\/"},"modified":"2026-01-02T04:55:27","modified_gmt":"2026-01-02T10:55:27","slug":"luis-a-cervantes-castillo","status":"publish","type":"page","link":"https:\/\/www.cdabogados.com.mx\/en\/team\/luis-a-cervantes-castillo\/","title":{"rendered":"Luis A. Cervantes Castillo"},"content":{"rendered":"<section class=\"wpb-content-wrapper\"><p>[vc_row full_width=&#8221;stretch_row&#8221; css=&#8221;.vc_custom_1691660115917{padding-top: 75px !important;padding-bottom: 35px !important;background-color: #8b0000 !important;}&#8221; el_class=&#8221;titularEquipo&#8221;][vc_column width=&#8221;1\/2&#8243;][vc_column_text]<\/p>\n<h2><span style=\"color: #ffffff;\">Luis A. Cervantes Castillo<\/span><\/h2>\n<h5 style=\"color: #ffffff;\">Partner<\/h5>\n<p>[\/vc_column_text][\/vc_column][vc_column width=&#8221;1\/2&#8243; offset=&#8221;vc_hidden-xs&#8221;][\/vc_column][\/vc_row][vc_row el_class=&#8221;fichaEquipo revertir&#8221;][vc_column width=&#8221;1\/2&#8243;][vc_column_text]<i class=\"far fa-envelope\"><\/i> <a href=\"mailto:lacervantes@cdabogados.com.mx\">lacervantes@cdabogados.com.mx<\/a><br \/>\n<i class=\"fas fa-phone-alt\"><\/i> +52 55 8624 0689[\/vc_column_text][vc_column_text el_class=&#8221;txtMarginTop quitarMargenes&#8221; css=&#8221;.vc_custom_1694598539131{margin-top: 35px !important;margin-right: 10% !important;}&#8221;]<\/p>\n<h5><span style=\"color: #8b0000;\"><strong>Practice areas<\/strong><\/span><\/h5>\n<ul>\n<li>Arbitration, Litigation, and Dispute Resolution.<\/li>\n<li>Banking and Finance.<\/li>\n<li>Bankruptcy and Restructuring.<\/li>\n<li>Corporate, Mergers, and Acquisitions.<\/li>\n<li>Real estate.<\/li>\n<\/ul>\n<p>[\/vc_column_text][vc_column_text el_class=&#8221;txtMarginTop quitarMargenes&#8221; css=&#8221;.vc_custom_1694598562354{margin-top: 35px !important;margin-right: 10% !important;}&#8221;]<\/p>\n<h5><span style=\"color: #8b0000;\"><strong>Education<\/strong><\/span><\/h5>\n<ul>\n<li>Columbia Law School, LLM, New York, 2009.<\/li>\n<li>Escuela Libre de Derecho, Civil Law Postgraduate Degree, Mexico City, 2007.<\/li>\n<li>Escuela Libre de Derecho, Abogado (J.D. Equivalent), Mexico City, 2006.<\/li>\n<\/ul>\n<p>[\/vc_column_text][\/vc_column][vc_column width=&#8221;1\/2&#8243;][vc_single_image image=&#8221;623&#8243; img_size=&#8221;large&#8221; el_class=&#8221;imagenTop&#8221; css=&#8221;.vc_custom_1694513549798{margin-bottom: 0px !important;padding-bottom: 0px !important;}&#8221;][\/vc_column][\/vc_row][vc_row full_width=&#8221;stretch_row&#8221; content_placement=&#8221;middle&#8221; el_class=&#8221;fijarFondo&#8221; css=&#8221;.vc_custom_1694416126946{margin-top: 15px !important;margin-bottom: 15px !important;padding-top: 100px !important;padding-bottom: 100px !important;background-image: url(http:\/\/www.cdabogados.com.mx\/wp-content\/uploads\/2023\/07\/marmol.jpg?id=80) !important;}&#8221;][vc_column width=&#8221;1\/4&#8243;][vc_single_image image=&#8221;1091&#8243; img_size=&#8221;200&#215;0&#8243; alignment=&#8221;center&#8221;][\/vc_column][vc_column width=&#8221;1\/4&#8243;][vc_single_image image=&#8221;834&#8243; img_size=&#8221;full&#8221; alignment=&#8221;center&#8221; css=&#8221;.vc_custom_1704975580932{margin-bottom: 0px !important;padding-bottom: 0px !important;}&#8221;][\/vc_column][vc_column width=&#8221;1\/4&#8243;][vc_single_image image=&#8221;836&#8243; img_size=&#8221;full&#8221; alignment=&#8221;center&#8221; css=&#8221;.vc_custom_1704975588212{margin-bottom: 0px !important;padding-bottom: 0px !important;}&#8221;][\/vc_column][vc_column width=&#8221;1\/4&#8243;][vc_single_image image=&#8221;844&#8243;][\/vc_column][\/vc_row][vc_row css=&#8221;.vc_custom_1690974567441{margin-bottom: 35px !important;}&#8221;][vc_column][vc_column_text el_class=&#8221;quitarMargenes&#8221; css=&#8221;.vc_custom_1694598757599{margin-right: 10% !important;}&#8221;]Luis A. Cervantes Castillo, founding partner of CDA, has close to 20 years of experience representing national and international clients in complex commercial and civil dispute resolutions, with special emphasis in corporate, securities, shareholders, and bankruptcy litigation.<\/p>\n<p>Before founding CDA, Luis was a partner in Cervantes Sainz, where he worked for 16 years, was one of the top attorneys in its litigation department and led the corporate practice group.<\/p>\n<p>Luis has represented clients in a wide variety of local and cross-border commercial transactions, specifically M&amp;A and restructuring deals, and is actively involved in giving advice in corporate and family business governance.<\/p>\n<p>Finally, Luis represents national and foreign developers, lenders, and private equity investors in connection with real estate projects involving all asset classes. He is involved in the formation of private and public real estate funds in Mexico, and has vast experience representing real estate investment trusts in their equity and debt investments in the country.<\/p>\n<p>Luis A. Cervantes Castillo serves in the Board of Directors of multiple national and foreign companies. Among others, Luis serves in the Board of Directors of Banca Mifel, S.A., Instituci\u00f3n de Banca M\u00faltiple, Grupo Financiero Mifel, and the Technical Committee of FibraPlus, a Mexican Real Estate Investment Trust.<\/p>\n<h5><span style=\"color: #8b0000;\"><strong>Relevant Matters<\/strong><\/span><\/h5>\n<ul>\n<li>Represented N\u00e9mesis Capital, manager of FibraPlus, in its settling and public offering process.<\/li>\n<li>Represented Zurich Compa\u00f1\u00eda de Seguros, S.A., in the acquisition of 100% of QBE de M\u00e9xico, Compa\u00f1\u00eda de Seguros, S.A. de C.V.\u00b4s equity.<\/li>\n<li>Represented TV Azteca, S.A. de C.V., in the shareholders litigation resulting in the successful acquisition by TC Azteca of a majority stake and full control in Televisora del Valle de M\u00e9xico, S.A. de C.V. (Canal 40).<\/li>\n<li>Represented Sergio P\u00e9rez Michel, Mexican Formula 1 driver, in the negotiation and execution of commercial, promotional and sponsorship agreements.<\/li>\n<li>Represented Grupo Vallas in the acquisition of 100% of V\u00eda Verde.<\/li>\n<\/ul>\n<h5><span style=\"color: #8b0000;\"><strong>Professional experience<\/strong><\/span><\/h5>\n<p>Cervantes Sainz, SC, Mexico City, 2011 &#8211; 2020.<br \/>\nGibson, Dunn &amp; Crutcher LLP, New York, 2009 &#8211; 2011.<br \/>\nCervantes Sainz, SC, Mexico City, 2004 &#8211; 2008.<br \/>\nDavis Arnold Cooper, London, 2003.<\/p>\n<h5><span style=\"color: #8b0000;\"><strong>Awards and honours<\/strong><\/span><\/h5>\n<p>The Legal 500 Latin America: Corporate M&amp;A, Dispute Resolution: Litigation, Real Estate, 2021.<br \/>\nThe Legal 500 Latin America: Real Estate, 2019.<br \/>\nThe Best Lawyers: Commercial Litigation 2022.<\/p>\n<h5><span style=\"color: #8b0000;\"><strong>Memberships and other activities<\/strong><\/span><\/h5>\n<p>Barra Mexicana de Abogados<br \/>\nInternational Bar Association<br \/>\nAmerican Bar Association<\/p>\n<h5><span style=\"color: #8b0000;\"><strong>Languages<\/strong><\/span><\/h5>\n<p>Spanish<br \/>\nEnglish[\/vc_column_text][\/vc_column][\/vc_row]<\/p>\n<\/section>","protected":false},"excerpt":{"rendered":"<p>[vc_row full_width=&#8221;stretch_row&#8221; css=&#8221;.vc_custom_1691660115917{padding-top: 75px !important;padding-bottom: 35px !important;background-color: #8b0000 !important;}&#8221; el_class=&#8221;titularEquipo&#8221;][vc_column width=&#8221;1\/2&#8243;][vc_column_text] Luis A. Cervantes Castillo Partner [\/vc_column_text][\/vc_column][vc_column width=&#8221;1\/2&#8243; offset=&#8221;vc_hidden-xs&#8221;][\/vc_column][\/vc_row][vc_row el_class=&#8221;fichaEquipo revertir&#8221;][vc_column width=&#8221;1\/2&#8243;][vc_column_text] lacervantes@cdabogados.com.mx +52 55 8624 0689[\/vc_column_text][vc_column_text el_class=&#8221;txtMarginTop quitarMargenes&#8221; css=&#8221;.vc_custom_1694598539131{margin-top: 35px !important;margin-right: 10% !important;}&#8221;] Practice areas Arbitration, Litigation, and Dispute<span class=\"excerpt-hellip\"> [\u2026]<\/span><\/p>\n","protected":false},"author":1,"featured_media":0,"parent":1568,"menu_order":0,"comment_status":"closed","ping_status":"closed","template":"","meta":{"footnotes":"","_links_to":"","_links_to_target":""},"class_list":["post-770","page","type-page","status-publish","hentry"],"aioseo_notices":[],"_links":{"self":[{"href":"https:\/\/www.cdabogados.com.mx\/en\/wp-json\/wp\/v2\/pages\/770","targetHints":{"allow":["GET"]}}],"collection":[{"href":"https:\/\/www.cdabogados.com.mx\/en\/wp-json\/wp\/v2\/pages"}],"about":[{"href":"https:\/\/www.cdabogados.com.mx\/en\/wp-json\/wp\/v2\/types\/page"}],"author":[{"embeddable":true,"href":"https:\/\/www.cdabogados.com.mx\/en\/wp-json\/wp\/v2\/users\/1"}],"replies":[{"embeddable":true,"href":"https:\/\/www.cdabogados.com.mx\/en\/wp-json\/wp\/v2\/comments?post=770"}],"version-history":[{"count":5,"href":"https:\/\/www.cdabogados.com.mx\/en\/wp-json\/wp\/v2\/pages\/770\/revisions"}],"predecessor-version":[{"id":1093,"href":"https:\/\/www.cdabogados.com.mx\/en\/wp-json\/wp\/v2\/pages\/770\/revisions\/1093"}],"up":[{"embeddable":true,"href":"https:\/\/www.cdabogados.com.mx\/en\/wp-json\/wp\/v2\/pages\/1568"}],"wp:attachment":[{"href":"https:\/\/www.cdabogados.com.mx\/en\/wp-json\/wp\/v2\/media?parent=770"}],"curies":[{"name":"wp","href":"https:\/\/api.w.org\/{rel}","templated":true}]}}