{"id":1552,"date":"2026-01-02T04:52:55","date_gmt":"2026-01-02T10:52:55","guid":{"rendered":"https:\/\/www.cdabogados.com.mx\/?page_id=1552"},"modified":"2026-01-02T04:53:15","modified_gmt":"2026-01-02T10:53:15","slug":"miguel-agustin-rodriguez-bustamante","status":"publish","type":"page","link":"https:\/\/www.cdabogados.com.mx\/en\/team\/miguel-agustin-rodriguez-bustamante\/","title":{"rendered":"Miguel Agust\u00edn Rodr\u00edguez Bustamante"},"content":{"rendered":"<section class=\"wpb-content-wrapper\"><p>[vc_row full_width=&#8221;stretch_row&#8221; css=&#8221;.vc_custom_1691660115917{padding-top: 75px !important;padding-bottom: 35px !important;background-color: #8b0000 !important;}&#8221; el_class=&#8221;titularEquipo&#8221;][vc_column width=&#8221;1\/2&#8243;][vc_column_text]<\/p>\n<h2><span style=\"color: #ffffff;\">Miguel Agust\u00edn Rodr\u00edguez Bustamante<\/span><\/h2>\n<h5 style=\"color: #ffffff;\">Counsel<\/h5>\n<p>[\/vc_column_text][\/vc_column][vc_column width=&#8221;1\/2&#8243; offset=&#8221;vc_hidden-xs&#8221;][\/vc_column][\/vc_row][vc_row el_class=&#8221;fichaEquipo revertir&#8221;][vc_column width=&#8221;1\/2&#8243;][vc_column_text]<i class=\"far fa-envelope\"><\/i> <a href=\"mailto:mrodirguez@cdabogados.com.mx\">mrodirguez@cdabogados.com.mx<\/a><br \/>\n<i class=\"fas fa-phone-alt\"><\/i> +52 55 8624 0689[\/vc_column_text][vc_column_text el_class=&#8221;txtMarginTop quitarMargenes&#8221; css=&#8221;.vc_custom_1694594059854{margin-top: 35px !important;margin-right: 10% !important;}&#8221;]<\/p>\n<h5><span style=\"color: #8b0000;\"><strong>Areas of practice<\/strong><\/span><\/h5>\n<ul>\n<li>Corporate and M&amp;A.<\/li>\n<\/ul>\n<p>[\/vc_column_text][vc_column_text el_class=&#8221;txtMarginTop quitarMargenes&#8221; css=&#8221;.vc_custom_1694594126741{margin-top: 35px !important;margin-right: 10% !important;}&#8221;]<\/p>\n<h5><span style=\"color: #8b0000;\"><strong>Education<\/strong><\/span><\/h5>\n<ul>\n<li>Ilustre y Nacional Colegio de Abogados de M\u00e9xico &#8211; Graduate Degree in Business Law (in progress)<\/li>\n<li>NYU Stern School of Business &#8211; Executive Certificate in Advancing Sustainability (2022)<\/li>\n<li>Seminar on the Federal Law for the Protection of Industrial Property (2021)<\/li>\n<li>Ilustre y Nacional Colegio de Abogados de M\u00e9xico &#8211; Graduate Degree in Labor Justice and Subcontracting (2021)<\/li>\n<li>Supreme Court of Justice of the Nation &#8211; Graduate Degree &#8220;Amparo Trial&#8221; (2021)<\/li>\n<li>Universidad Nacional Aut\u00f3noma de M\u00e9xico \/ C\u00e1mara de Diputados &#8211; Graduate Degree &#8220;Towards the construction of public policies in Cultural Matters: management and integral development&#8221; (2019)<\/li>\n<li>World Intellectual Property Organization &#8211; General intellectual property course (2018).<\/li>\n<li>National Commission for the Protection and Defense of the Users of Financial Services &#8211; Graduate Degree in Financial Education (2017)<\/li>\n<li>Universidad Aut\u00f3noma Metropolitana \/ InfoDF &#8211; Graduate Degree &#8220;Transparency, Access to Public Information and Personal Data Protection in Mexico City&#8221; (2015).<\/li>\n<li>Escuela Libre de Derecho &#8211; Studies: Law Degree \u2013 Ceneval Exam (EGAL Agreement 286). Professional License 11538421 Lawyer graduated from Universidad Panamericana with specialization in commercial law and experience in corporate law, M&amp;A and real estate.<\/li>\n<\/ul>\n<p>[\/vc_column_text][\/vc_column][vc_column width=&#8221;1\/2&#8243;][vc_single_image image=&#8221;1554&#8243; img_size=&#8221;large&#8221; el_class=&#8221;imagenTop&#8221; css=&#8221;.vc_custom_1766487123606{margin-bottom: 0px !important;padding-bottom: 0px !important;}&#8221;][\/vc_column][\/vc_row][vc_row full_width=&#8221;stretch_row&#8221; content_placement=&#8221;middle&#8221; el_class=&#8221;fijarFondo&#8221; css=&#8221;.vc_custom_1694416126946{margin-top: 15px !important;margin-bottom: 15px !important;padding-top: 100px !important;padding-bottom: 100px !important;background-image: url(http:\/\/www.cdabogados.com.mx\/wp-content\/uploads\/2023\/07\/marmol.jpg?id=80) !important;}&#8221;][vc_column width=&#8221;1\/4&#8243;][\/vc_column][vc_column width=&#8221;1\/4&#8243;][\/vc_column][vc_column width=&#8221;1\/4&#8243;][\/vc_column][vc_column width=&#8221;1\/4&#8243;][\/vc_column][\/vc_row][vc_row][vc_column][vc_column_text]Miguel Rodr\u00edguez is counsel at CDA, with over 10 years of experience specialising in corporate and transactional legal services, including mergers and acquisitions, corporate restructuring, real estate transactions, personal data protection, intellectual property and employment consulting.<\/p>\n<p>Prior to joining CDA, he worked in the Mexico City offices of two international law firms and was legal director of a business group. He also participated in the public sector in the drafting and review of various federal and local laws as a parliamentary advisor to the Senate of the Republic, the Constituent Assembly, and the local congress of Mexico City.<\/p>\n<p>He holds a law degree. He studied at the Escuela Libre de Derecho (2013) and has also completed specialisations in intellectual property, personal data protection, labour law, financial systems and cultural law. He has a master&#8217;s degree in public administration (INAP) and business law (An\u00e1huac University).[\/vc_column_text][\/vc_column][\/vc_row][vc_row css=&#8221;.vc_custom_1690974567441{margin-bottom: 35px !important;}&#8221;][vc_column][vc_column_text el_class=&#8221;quitarMargenes&#8221; css=&#8221;.vc_custom_1694594189009{margin-right: 10% !important;}&#8221;]<\/p>\n<h5><span style=\"color: #8b0000;\"><strong>Professional Experience<\/strong><\/span><\/h5>\n<ul>\n<li>CDA Abogados, Mexico City. April 2023 \u2013 present.<\/li>\n<li>KPMG, Mexico City- 2020 March 2023<\/li>\n<li>Consorcio Metropolitano, Mexico City \u2013 2017 \u2013 2019<\/li>\n<li>Baker &amp; McKenzie, Mexico City, 2011 \u2013 2012<\/li>\n<li>Creel, Garc\u00eda-Cu\u00e9llar, Aiza and Enr\u00edquez, S.C., Mexico City, 2008 &#8211; 2010<\/li>\n<li>Notaries 195 and 18 of the Federal District of Mexico City, 2007 &#8211; 2008<\/li>\n<\/ul>\n<h5><span style=\"color: #8b0000;\"><strong>Languages<\/strong><\/span><\/h5>\n<p>Spanish<br \/>\nEnglish[\/vc_column_text][\/vc_column][\/vc_row]<\/p>\n<\/section>","protected":false},"excerpt":{"rendered":"<p>[vc_row full_width=&#8221;stretch_row&#8221; css=&#8221;.vc_custom_1691660115917{padding-top: 75px !important;padding-bottom: 35px !important;background-color: #8b0000 !important;}&#8221; el_class=&#8221;titularEquipo&#8221;][vc_column width=&#8221;1\/2&#8243;][vc_column_text] Miguel Agust\u00edn Rodr\u00edguez Bustamante Counsel [\/vc_column_text][\/vc_column][vc_column width=&#8221;1\/2&#8243; offset=&#8221;vc_hidden-xs&#8221;][\/vc_column][\/vc_row][vc_row el_class=&#8221;fichaEquipo revertir&#8221;][vc_column width=&#8221;1\/2&#8243;][vc_column_text] mrodirguez@cdabogados.com.mx +52 55 8624 0689[\/vc_column_text][vc_column_text el_class=&#8221;txtMarginTop quitarMargenes&#8221; css=&#8221;.vc_custom_1694594059854{margin-top: 35px !important;margin-right: 10% !important;}&#8221;] Areas of practice Corporate and M&amp;A.<span class=\"excerpt-hellip\"> [\u2026]<\/span><\/p>\n","protected":false},"author":1,"featured_media":0,"parent":1568,"menu_order":0,"comment_status":"closed","ping_status":"closed","template":"","meta":{"footnotes":"","_links_to":"","_links_to_target":""},"class_list":["post-1552","page","type-page","status-publish","hentry"],"aioseo_notices":[],"_links":{"self":[{"href":"https:\/\/www.cdabogados.com.mx\/en\/wp-json\/wp\/v2\/pages\/1552","targetHints":{"allow":["GET"]}}],"collection":[{"href":"https:\/\/www.cdabogados.com.mx\/en\/wp-json\/wp\/v2\/pages"}],"about":[{"href":"https:\/\/www.cdabogados.com.mx\/en\/wp-json\/wp\/v2\/types\/page"}],"author":[{"embeddable":true,"href":"https:\/\/www.cdabogados.com.mx\/en\/wp-json\/wp\/v2\/users\/1"}],"replies":[{"embeddable":true,"href":"https:\/\/www.cdabogados.com.mx\/en\/wp-json\/wp\/v2\/comments?post=1552"}],"version-history":[{"count":1,"href":"https:\/\/www.cdabogados.com.mx\/en\/wp-json\/wp\/v2\/pages\/1552\/revisions"}],"predecessor-version":[{"id":1558,"href":"https:\/\/www.cdabogados.com.mx\/en\/wp-json\/wp\/v2\/pages\/1552\/revisions\/1558"}],"up":[{"embeddable":true,"href":"https:\/\/www.cdabogados.com.mx\/en\/wp-json\/wp\/v2\/pages\/1568"}],"wp:attachment":[{"href":"https:\/\/www.cdabogados.com.mx\/en\/wp-json\/wp\/v2\/media?parent=1552"}],"curies":[{"name":"wp","href":"https:\/\/api.w.org\/{rel}","templated":true}]}}