{"id":1445,"date":"2025-08-20T07:52:36","date_gmt":"2025-08-20T13:52:36","guid":{"rendered":"https:\/\/www.cdabogados.com.mx\/team\/eduardo-garcia-mora\/"},"modified":"2026-01-02T05:16:21","modified_gmt":"2026-01-02T11:16:21","slug":"eduardo-garcia-mora","status":"publish","type":"page","link":"https:\/\/www.cdabogados.com.mx\/en\/team\/eduardo-garcia-mora\/","title":{"rendered":"Eduardo Garc\u00eda Mora"},"content":{"rendered":"<section class=\"wpb-content-wrapper\"><p>[vc_row full_width=&#8221;stretch_row&#8221; css=&#8221;.vc_custom_1691660115917{padding-top: 75px !important;padding-bottom: 35px !important;background-color: #8b0000 !important;}&#8221; el_class=&#8221;titularEquipo&#8221;][vc_column width=&#8221;1\/2&#8243;][vc_column_text]<\/p>\n<h2><span style=\"color: #ffffff;\">Eduardo Garc\u00eda Mora<\/span><\/h2>\n<h5 style=\"color: #ffffff;\">Associates<\/h5>\n<p>[\/vc_column_text][\/vc_column][vc_column width=&#8221;1\/2&#8243; offset=&#8221;vc_hidden-xs&#8221;][\/vc_column][\/vc_row][vc_row el_class=&#8221;fichaEquipo revertir&#8221;][vc_column width=&#8221;1\/2&#8243;][vc_column_text]<i class=\"far fa-envelope\"><\/i> <a href=\"mailto:egarcia@cdabogados.com.mx\">egarcia@cdabogados.com.mx<\/a><br \/>\n<i class=\"fas fa-phone-alt\"><\/i> +52 55 3018-7971[\/vc_column_text][vc_column_text el_class=&#8221;txtMarginTop quitarMargenes&#8221; css=&#8221;.vc_custom_1755698060702{margin-top: 35px !important;margin-right: 10% !important;}&#8221;]<\/p>\n<h5><span style=\"color: #8b0000;\"><strong>Areas of practice<\/strong><\/span><\/h5>\n<ul>\n<li>Corporate, Mergers and Acquisitions.<\/li>\n<\/ul>\n<p>[\/vc_column_text][vc_column_text el_class=&#8221;txtMarginTop quitarMargenes&#8221; css=&#8221;.vc_custom_1755698073190{margin-top: 35px !important;margin-right: 10% !important;}&#8221;]<\/p>\n<h5><span style=\"color: #8b0000;\"><strong>Education<\/strong><\/span><\/h5>\n<ul>\n<li>Universidad Panamericana, Law Degree, Mexico City, 2021.<\/li>\n<li>Universidad Panamericana, Specialization in Constitutional Relief (Amparo Law), Mexico City, 2022.<\/li>\n<\/ul>\n<p>[\/vc_column_text][\/vc_column][vc_column width=&#8221;1\/2&#8243;][vc_single_image image=&#8221;1579&#8243; img_size=&#8221;large&#8221; el_class=&#8221;imagenTop&#8221; css=&#8221;.vc_custom_1767352579657{margin-bottom: 0px !important;padding-bottom: 0px !important;}&#8221;][\/vc_column][\/vc_row][vc_row full_width=&#8221;stretch_row&#8221; content_placement=&#8221;middle&#8221; el_class=&#8221;fijarFondo&#8221; css=&#8221;.vc_custom_1694416126946{margin-top: 15px !important;margin-bottom: 15px !important;padding-top: 100px !important;padding-bottom: 100px !important;background-image: url(http:\/\/www.cdabogados.com.mx\/wp-content\/uploads\/2023\/07\/marmol.jpg?id=80) !important;}&#8221;][vc_column width=&#8221;1\/4&#8243;][\/vc_column][vc_column width=&#8221;1\/4&#8243;][\/vc_column][vc_column width=&#8221;1\/4&#8243;][\/vc_column][vc_column width=&#8221;1\/4&#8243;][\/vc_column][\/vc_row][vc_row css=&#8221;.vc_custom_1690974567441{margin-bottom: 35px !important;}&#8221;][vc_column][vc_column_text el_class=&#8221;quitarMargenes&#8221; css=&#8221;.vc_custom_1755698114183{margin-right: 10% !important;}&#8221;]<\/p>\n<p style=\"text-align: justify;\">Eduardo Garc\u00eda Mora is an associate at CDA, with more than 7 years of experience in corporate law, mergers and acquisitions, restructurings, and transactional and corporate disputes for Mexican and foreign companies.<\/p>\n<p style=\"text-align: justify;\">Currently, his practice focuses on advising on corporate and commercial disputes, representing both domestic and international companies, as well as providing legal counsel in various corporate and financial restructuring procedures for companies in diverse industry sectors.<\/p>\n<h5><span style=\"color: #8b0000;\"><strong>Professional Experience<\/strong><\/span><\/h5>\n<ul>\n<li>CDA Abogados, 2025 \u2013 Present.<\/li>\n<li>Macari G\u00f3ngora, S.C., M\u00e9rida, Yucat\u00e1n \u2013 2024 \u2013 2025.<\/li>\n<li>Sainz Abogados, S.C., Mexico City \u2013 2018 \u2013 2024.<\/li>\n<li>COMAD, S.C., Mexico City \u2013 2017 \u2013 2018.<\/li>\n<\/ul>\n<h5><span style=\"color: #8b0000;\"><strong>Languages<\/strong><\/span><\/h5>\n<p>Spanish<br \/>\nEnglish[\/vc_column_text][\/vc_column][\/vc_row]<\/p>\n<\/section>","protected":false},"excerpt":{"rendered":"<p>[vc_row full_width=&#8221;stretch_row&#8221; css=&#8221;.vc_custom_1691660115917{padding-top: 75px !important;padding-bottom: 35px !important;background-color: #8b0000 !important;}&#8221; el_class=&#8221;titularEquipo&#8221;][vc_column width=&#8221;1\/2&#8243;][vc_column_text] Eduardo Garc\u00eda Mora Associates [\/vc_column_text][\/vc_column][vc_column width=&#8221;1\/2&#8243; offset=&#8221;vc_hidden-xs&#8221;][\/vc_column][\/vc_row][vc_row el_class=&#8221;fichaEquipo revertir&#8221;][vc_column width=&#8221;1\/2&#8243;][vc_column_text] egarcia@cdabogados.com.mx +52 55 3018-7971[\/vc_column_text][vc_column_text el_class=&#8221;txtMarginTop quitarMargenes&#8221; css=&#8221;.vc_custom_1755698060702{margin-top: 35px !important;margin-right: 10% !important;}&#8221;] Areas of practice Corporate, Mergers and Acquisitions. [\/vc_column_text][vc_column_text<span class=\"excerpt-hellip\"> [\u2026]<\/span><\/p>\n","protected":false},"author":1,"featured_media":0,"parent":1568,"menu_order":0,"comment_status":"closed","ping_status":"closed","template":"","meta":{"footnotes":"","_links_to":"","_links_to_target":""},"class_list":["post-1445","page","type-page","status-publish","hentry"],"aioseo_notices":[],"_links":{"self":[{"href":"https:\/\/www.cdabogados.com.mx\/en\/wp-json\/wp\/v2\/pages\/1445","targetHints":{"allow":["GET"]}}],"collection":[{"href":"https:\/\/www.cdabogados.com.mx\/en\/wp-json\/wp\/v2\/pages"}],"about":[{"href":"https:\/\/www.cdabogados.com.mx\/en\/wp-json\/wp\/v2\/types\/page"}],"author":[{"embeddable":true,"href":"https:\/\/www.cdabogados.com.mx\/en\/wp-json\/wp\/v2\/users\/1"}],"replies":[{"embeddable":true,"href":"https:\/\/www.cdabogados.com.mx\/en\/wp-json\/wp\/v2\/comments?post=1445"}],"version-history":[{"count":3,"href":"https:\/\/www.cdabogados.com.mx\/en\/wp-json\/wp\/v2\/pages\/1445\/revisions"}],"predecessor-version":[{"id":1615,"href":"https:\/\/www.cdabogados.com.mx\/en\/wp-json\/wp\/v2\/pages\/1445\/revisions\/1615"}],"up":[{"embeddable":true,"href":"https:\/\/www.cdabogados.com.mx\/en\/wp-json\/wp\/v2\/pages\/1568"}],"wp:attachment":[{"href":"https:\/\/www.cdabogados.com.mx\/en\/wp-json\/wp\/v2\/media?parent=1445"}],"curies":[{"name":"wp","href":"https:\/\/api.w.org\/{rel}","templated":true}]}}